{"id":17909,"date":"2023-02-20T11:37:17","date_gmt":"2023-02-20T16:37:17","guid":{"rendered":"https:\/\/libertadoradeseguridad.co\/newsite\/?page_id=17909"},"modified":"2026-04-01T16:04:28","modified_gmt":"2026-04-01T21:04:28","slug":"politica-integrada-de-gestion","status":"publish","type":"page","link":"https:\/\/libertadoradeseguridad.co\/newsite\/home\/quienes-somos\/politica-integrada-de-gestion\/","title":{"rendered":"POL\u00cdTICA INTEGRADA DE GESTI\u00d3N"},"content":{"rendered":"\r\n<h3><span style=\"color: #333333;\">POL\u00cdTICA INTEGRADA DE GESTI\u00d3N<\/span><\/h3>\r\n<p>&nbsp;<\/p>\r\n<p>&nbsp;<\/p>\r\n<p><strong>LIBERTADORA DE SEGURIDAD LTDA.<\/strong>, es una empresa dedicada a la prestaci\u00f3n de servicios de vigilancia y seguridad privada, para operar en la modalidad de vigilancia fija, vigilancia m\u00f3vil, escolta a personas, veh\u00edculos y mercanc\u00edas, servicio conexo de consultor\u00eda, asesor\u00eda e investigaci\u00f3n con la utilizaci\u00f3n o no de armas y medio tecnol\u00f3gico; para ello nos comprometemos a:<\/p>\r\n\r\n\r\n\r\n<p>&nbsp;<\/p>\r\n\r\n\r\n\r\n<p style=\"padding-left: 40px;\">\u2022 Cumplir con la normatividad legal y de otra \u00edndole.<\/p>\r\n\r\n\r\n\r\n<p style=\"padding-left: 40px;\">\u00a0<\/p>\r\n\r\n\r\n\r\n<p style=\"padding-left: 40px;\">\u2022 Prevenir los riesgos inherentes a los procesos y a los trabajos.<\/p>\r\n\r\n\r\n\r\n<p style=\"padding-left: 40px;\">\u00a0<\/p>\r\n\r\n\r\n\r\n<p style=\"padding-left: 40px;\">\u2022 Promover la mejora continua.<\/p>\r\n\r\n\r\n\r\n<p style=\"padding-left: 40px;\">\u00a0<\/p>\r\n\r\n\r\n\r\n<p style=\"padding-left: 40px;\">\u2022 Satisfacer las necesidades y expectativas de los clientes y bienestar de los trabajadores.<\/p>\r\n\r\n\r\n\r\n<p>&nbsp;<\/p>\r\n<p>&nbsp;<\/p>\r\n\r\n\r\n\r\n<p>Todas las actividades que se desarrollan en <strong>LIBERTADORA DE SEGURIDAD LTDA.<\/strong>, est\u00e1n orientadas al fomento de una cultura en la identificaci\u00f3n temprana e intervenci\u00f3n del riesgo, permitiendo la participaci\u00f3n de los trabajadores, proveedores y contratistas para alcanzar los est\u00e1ndares del Sistema Integrado de Gesti\u00f3n, con el fin de asegurar productos y servicios de calidad, as\u00ed como mantener un entorno laboral seguro y saludable.<\/p>\r\n\r\n\r\n\r\n<p>&nbsp;<\/p>\r\n<p>&nbsp;<\/p>\r\n\r\n\r\n\r\n<p>La alta direcci\u00f3n de <strong>LIBERTADORA DE SEGURIDAD LTDA.<\/strong>, se compromete a proveer los recursos necesarios para mantener y mejorar el Sistema Integrado de Gesti\u00f3n, asegurando la adecuada comunicaci\u00f3n de esta pol\u00edtica a todos los trabajadores, proveedores, contratistas y dem\u00e1s partes interesadas.<\/p>\r\n<p>&nbsp;<\/p>\r\n<p>&nbsp;<\/p>\r\n<p>&nbsp;<\/p>\r\n","protected":false},"excerpt":{"rendered":"<p>POL\u00cdTICA INTEGRADA DE GESTI\u00d3N &nbsp; &nbsp; LIBERTADORA DE SEGURIDAD LTDA., es una empresa dedicada a la prestaci\u00f3n de servicios de vigilancia y seguridad privada, para operar en la modalidad de vigilancia fija, vigilancia m\u00f3vil, escolta a personas, veh\u00edculos y mercanc\u00edas, servicio conexo de consultor\u00eda, asesor\u00eda&#8230;<\/p>\n","protected":false},"author":2,"featured_media":0,"parent":17196,"menu_order":0,"comment_status":"closed","ping_status":"closed","template":"","meta":{"footnotes":""},"class_list":["post-17909","page","type-page","status-publish","hentry"],"_links":{"self":[{"href":"https:\/\/libertadoradeseguridad.co\/newsite\/wp-json\/wp\/v2\/pages\/17909","targetHints":{"allow":["GET"]}}],"collection":[{"href":"https:\/\/libertadoradeseguridad.co\/newsite\/wp-json\/wp\/v2\/pages"}],"about":[{"href":"https:\/\/libertadoradeseguridad.co\/newsite\/wp-json\/wp\/v2\/types\/page"}],"author":[{"embeddable":true,"href":"https:\/\/libertadoradeseguridad.co\/newsite\/wp-json\/wp\/v2\/users\/2"}],"replies":[{"embeddable":true,"href":"https:\/\/libertadoradeseguridad.co\/newsite\/wp-json\/wp\/v2\/comments?post=17909"}],"version-history":[{"count":21,"href":"https:\/\/libertadoradeseguridad.co\/newsite\/wp-json\/wp\/v2\/pages\/17909\/revisions"}],"predecessor-version":[{"id":18590,"href":"https:\/\/libertadoradeseguridad.co\/newsite\/wp-json\/wp\/v2\/pages\/17909\/revisions\/18590"}],"up":[{"embeddable":true,"href":"https:\/\/libertadoradeseguridad.co\/newsite\/wp-json\/wp\/v2\/pages\/17196"}],"wp:attachment":[{"href":"https:\/\/libertadoradeseguridad.co\/newsite\/wp-json\/wp\/v2\/media?parent=17909"}],"curies":[{"name":"wp","href":"https:\/\/api.w.org\/{rel}","templated":true}]}}