{"id":15416,"date":"2017-08-29T03:52:05","date_gmt":"2017-08-29T03:52:05","guid":{"rendered":"http:\/\/libertadoradeseguridad.co\/newsite\/?page_id=15416"},"modified":"2022-04-25T09:41:06","modified_gmt":"2022-04-25T14:41:06","slug":"seguros","status":"publish","type":"page","link":"https:\/\/libertadoradeseguridad.co\/newsite\/seguros\/","title":{"rendered":"Seguros"},"content":{"rendered":"<section class=\"wpb-content-wrapper\"><p>[vc_row css_animation=\u00bb\u00bb row_type=\u00bbrow\u00bb use_row_as_full_screen_section=\u00bbno\u00bb type=\u00bbgrid\u00bb angled_section=\u00bbno\u00bb text_align=\u00bbleft\u00bb background_image_as_pattern=\u00bbwithout_pattern\u00bb css=\u00bb.vc_custom_1503978793333{background-color: #16bf9f !important;}\u00bb kswr_row_top_decor_enabled=\u00bbfalse\u00bb kswr_row_bottom_decor_enabled=\u00bbfalse\u00bb][vc_column css=\u00bb.vc_custom_1503978800596{background-color: #16bf9f !important;}\u00bb][qode_elements_holder number_of_columns=\u00bbtwo_columns\u00bb switch_to_one_column=\u00bb1000&#8243;][qode_elements_holder_item item_padding=\u00bb0px 0px 0px 0px\u00bb advanced_animations=\u00bbno\u00bb][vc_single_image image=\u00bb15372&#8243; img_size=\u00bbfull\u00bb alignment=\u00bbcenter\u00bb qode_css_animation=\u00bb\u00bb][\/qode_elements_holder_item][qode_elements_holder_item item_padding=\u00bb20px 9% 30px 9%\u00bb advanced_animations=\u00bbno\u00bb][vc_column_text]<\/p>\n<h3><span style=\"color: #ffffff;\"><br \/>\nSeguro en todo momento<\/span><\/h3>\n<p>[\/vc_column_text][vc_separator type=\u00bbtransparent\u00bb thickness=\u00bb1&#8243; up=\u00bb25&#8243; down=\u00bb0&#8243;][vc_separator type=\u00bbsmall\u00bb position=\u00bbleft\u00bb color=\u00bb#ffffff\u00bb up=\u00bb6&#8243; down=\u00bb15&#8243;][vc_separator type=\u00bbtransparent\u00bb thickness=\u00bb1&#8243; up=\u00bb-8&#8243;][vc_column_text]<\/p>\n<p><span style=\"color: #ffffff;\"> Programa de seguros que cubre los riesgos<br \/>\nque puedan afectar el bienestar de su familia y el funcionamiento de su empresa. <\/span><\/p>\n<p>[\/vc_column_text][vc_separator type=\u00bbtransparent\u00bb thickness=\u00bb1&#8243; up=\u00bb31&#8243; down=\u00bb0&#8243;][\/qode_elements_holder_item][\/qode_elements_holder][\/vc_column][\/vc_row][vc_row css_animation=\u00bb\u00bb row_type=\u00bbrow\u00bb use_row_as_full_screen_section=\u00bbno\u00bb type=\u00bbfull_width\u00bb angled_section=\u00bbno\u00bb text_align=\u00bbleft\u00bb background_image_as_pattern=\u00bbwithout_pattern\u00bb kswr_row_top_decor_enabled=\u00bbfalse\u00bb kswr_row_bottom_decor_enabled=\u00bbfalse\u00bb css=\u00bb.vc_custom{background-color: #ffffff !important;}\u00bb][vc_column][qode_elements_holder number_of_columns=\u00bbthree_columns\u00bb switch_to_one_column=\u00bb1000&#8243;][qode_elements_holder_item item_padding=\u00bb0px 0px 0px 0px\u00bb advanced_animations=\u00bbno\u00bb][vc_single_image image=\u00bb15423&#8243; img_size=\u00bbfull\u00bb alignment=\u00bbcenter\u00bb qode_css_animation=\u00bb\u00bb][\/qode_elements_holder_item][qode_elements_holder_item item_padding=\u00bb20px 9% 30px 9%\u00bb advanced_animations=\u00bbno\u00bb][vc_column_text]<\/p>\n<h3><span style=\"color: #31c8a2;\">Vida Individual<\/span><\/h3>\n<p>Cuentas con un respaldo econ\u00f3mico en caso de incapacidad total y permanente o una Enfermedad Grave y en caso de muerte, le permite a tu familia contar con un apoyo para continuar con sus proyectos.<\/p>\n<p><strong>Principales Coberturas:<\/strong><\/p>\n<p>\u2022 Muerte por cualquier causa.<\/p>\n<p>\u2022 Incapacidad total permanente.<\/p>\n<p>\u2022 Enfermedades Graves.<\/p>\n<p>\u2022 Exequial.[\/vc_column_text][vc_separator type=\u00bbtransparent\u00bb thickness=\u00bb1&#8243; up=\u00bb31&#8243; down=\u00bb0&#8243;][\/qode_elements_holder_item][qode_elements_holder_item item_padding=\u00bb20px 9% 30px 9%\u00bb advanced_animations=\u00bbno\u00bb][vc_column_text]<\/p>\n<h3><span style=\"color: #31c8a2;\">Salud<\/span><\/h3>\n<p>La mayor tranquilidad para ti y tu familia es contar con un servicio de salud \u00e1gil, con amplia cobertura de m\u00e9dicos especialistas y Cl\u00ednicas.<\/p>\n<p><strong>Principales Coberturas:<\/strong><\/p>\n<p>\u2022 Cirug\u00eda<\/p>\n<p>\u2022 Hospitalizaci\u00f3n.<\/p>\n<p>\u2022 Maternidad.<\/p>\n<p>\u2022 Consulta m\u00e9dica General y Especializada.<\/p>\n<p>\u2022 Ex\u00e1menes de diagn\u00f3stico. (Laboratorio, rayos X, Ecograf\u00edas).[\/vc_column_text][vc_separator type=\u00bbtransparent\u00bb thickness=\u00bb1&#8243; up=\u00bb31&#8243; down=\u00bb0&#8243;][\/qode_elements_holder_item][\/qode_elements_holder][\/vc_column][\/vc_row][vc_row css_animation=\u00bb\u00bb row_type=\u00bbrow\u00bb use_row_as_full_screen_section=\u00bbno\u00bb type=\u00bbfull_width\u00bb angled_section=\u00bbno\u00bb text_align=\u00bbleft\u00bb background_image_as_pattern=\u00bbwithout_pattern\u00bb kswr_row_top_decor_enabled=\u00bbfalse\u00bb kswr_row_bottom_decor_enabled=\u00bbfalse\u00bb][vc_column][qode_elements_holder number_of_columns=\u00bbthree_columns\u00bb switch_to_one_column=\u00bb1000&#8243;][qode_elements_holder_item item_padding=\u00bb20px 9% 30px 9%\u00bb advanced_animations=\u00bbno\u00bb][vc_column_text]<\/p>\n<h3><span style=\"color: #31c8a2;\">HOGAR<\/span><\/h3>\n<p>[\/vc_column_text][vc_separator type=\u00bbtransparent\u00bb thickness=\u00bb1&#8243; up=\u00bb25&#8243; down=\u00bb0&#8243;][vc_separator type=\u00bbsmall\u00bb position=\u00bbleft\u00bb color=\u00bb#ffffff\u00bb up=\u00bb6&#8243; down=\u00bb15&#8243;][vc_separator type=\u00bbtransparent\u00bb thickness=\u00bb1&#8243; up=\u00bb-8&#8243;][vc_column_text] <strong>Has hecho una inversi\u00f3n pensando en tu estabilidad y la de tu familia. Prot\u00e9gelo de cualquier suceso inesperado.<\/strong>[\/vc_column_text][vc_separator type=\u00bbtransparent\u00bb thickness=\u00bb1&#8243; up=\u00bb31&#8243; down=\u00bb0&#8243;][\/qode_elements_holder_item][qode_elements_holder_item item_padding=\u00bb20px 9% 30px 9%\u00bb advanced_animations=\u00bbno\u00bb][vc_column_text]<strong>Las principales coberturas de la p\u00f3liza son:<\/strong><\/p>\n<p>\u2022 Incendio y peligros aliados (Explosi\u00f3n, Inundaci\u00f3n, da\u00f1os por agua, anegaci\u00f3n, granizo).<\/p>\n<p>\u2022 Terremoto<\/p>\n<p>\u2022 Actos Mal Intencionados de Terceros.<\/p>\n<p>\u2022 Sustracci\u00f3n.<\/p>\n<p>\u2022 Corriente d\u00e9bil para computadores y electrodom\u00e9sticos.<\/p>\n<p>\u2022 Asistencia al Hogar.[\/vc_column_text][vc_separator type=\u00bbtransparent\u00bb thickness=\u00bb1&#8243; up=\u00bb31&#8243; down=\u00bb0&#8243;][\/qode_elements_holder_item][qode_elements_holder_item item_padding=\u00bb0px 0px 0px 0px\u00bb advanced_animations=\u00bbno\u00bb][vc_single_image image=\u00bb15422&#8243; img_size=\u00bbfull\u00bb alignment=\u00bbcenter\u00bb qode_css_animation=\u00bb\u00bb][\/qode_elements_holder_item][\/qode_elements_holder][\/vc_column][\/vc_row][vc_row css_animation=\u00bb\u00bb row_type=\u00bbrow\u00bb use_row_as_full_screen_section=\u00bbno\u00bb type=\u00bbfull_width\u00bb angled_section=\u00bbno\u00bb text_align=\u00bbleft\u00bb background_image_as_pattern=\u00bbwithout_pattern\u00bb kswr_row_top_decor_enabled=\u00bbfalse\u00bb kswr_row_bottom_decor_enabled=\u00bbfalse\u00bb css=\u00bb.vc_custom_1503980622698{background-color: #ffffff !important;}\u00bb][vc_column][qode_elements_holder number_of_columns=\u00bbthree_columns\u00bb switch_to_one_column=\u00bb1000&#8243;][qode_elements_holder_item item_padding=\u00bb0px 0px 0px 0px\u00bb advanced_animations=\u00bbno\u00bb][vc_single_image image=\u00bb15419&#8243; img_size=\u00bbfull\u00bb alignment=\u00bbcenter\u00bb qode_css_animation=\u00bb\u00bb][\/qode_elements_holder_item][qode_elements_holder_item item_padding=\u00bb20px 9% 30px 9%\u00bb advanced_animations=\u00bbno\u00bb][vc_column_text]<\/p>\n<h3><span style=\"color: #31c8a2;\">AUTOS<\/span><\/h3>\n<p><strong>Has logrado uno de tus sue\u00f1os, debes asegurarlo contra cualquier eventualidad que pueda ocurrir, ya sea por un accidente o hurto.<\/strong><\/p>\n<a  itemprop=\"url\" href=\"https:\/\/libertadoradeseguridad.co\/newsite\/segurotodoriesgo\" target=\"_blank\"  class=\"qbutton  large center default\" style=\"font-style: normal; font-weight: 600; \">Cotiza aqu\u00ed<\/a>\n<p>[\/vc_column_text][vc_separator type=\u00bbtransparent\u00bb thickness=\u00bb1&#8243; up=\u00bb31&#8243; down=\u00bb0&#8243;][\/qode_elements_holder_item]<\/p>\n<p>[qode_elements_holder_item item_padding=\u00bb20px 9% 30px 9%\u00bb advanced_animations=\u00bbno\u00bb][vc_column_text]<strong>Las principales coberturas son:<\/strong><\/p>\n<p>\u2022 Responsabilidad Civil Extracontractual. Para da\u00f1os causados a terceros, ya sea a sus bienes, o por lesi\u00f3n o muerte.<\/p>\n<p>\u2022 P\u00e9rdidas parciales o totales por da\u00f1o. (en el accidente)<\/p>\n<p>\u2022 P\u00e9rdidas parciales o totales por hurto del veh\u00edculo.<\/p>\n<p>\u2022 Asistencia en Viaje[\/vc_column_text][vc_separator type=\u00bbtransparent\u00bb thickness=\u00bb1&#8243; up=\u00bb31&#8243; down=\u00bb0&#8243;][\/qode_elements_holder_item][\/qode_elements_holder][\/vc_column][\/vc_row][vc_row css_animation=\u00bb\u00bb row_type=\u00bbrow\u00bb use_row_as_full_screen_section=\u00bbno\u00bb type=\u00bbfull_width\u00bb angled_section=\u00bbno\u00bb text_align=\u00bbleft\u00bb background_image_as_pattern=\u00bbwithout_pattern\u00bb kswr_row_top_decor_enabled=\u00bbfalse\u00bb kswr_row_bottom_decor_enabled=\u00bbfalse\u00bb][vc_column][qode_elements_holder number_of_columns=\u00bbthree_columns\u00bb switch_to_one_column=\u00bb1000&#8243;][qode_elements_holder_item item_padding=\u00bb20px 9% 30px 9%\u00bb advanced_animations=\u00bbno\u00bb][vc_column_text]<\/p>\n<h3><span style=\"color: #31c8a2;\">ARL&nbsp;<\/span><\/h3>\n<p>Asesor\u00eda a la empresa en el Sistema de Seguridad y Salud en el trabajo y respaldo en caso de un Accidente o Enfermedad Laboral. Trabajamos con las principales ARL\u00b4s. ARL Sura, Positiva, AXA Colpatria, Liberty.<\/p>\n<p>[\/vc_column_text][\/qode_elements_holder_item][qode_elements_holder_item item_padding=\u00bb20px 9% 30px 9%\u00bb advanced_animations=\u00bbno\u00bb][vc_column_text]<\/p>\n<h3><span style=\"color: #31c8a2;\">VIDA GRUPO<\/span><\/h3>\n<p>Es un beneficio muy importante para brindar a sus empleados, porque es un apoyo en caso de hechos que comprometan la continuidad laboral y para las familias, en caso de que el asegurado llegue a faltar.[\/vc_column_text][\/qode_elements_holder_item][qode_elements_holder_item item_padding=\u00bb0px 0px 0px 0px\u00bb advanced_animations=\u00bbno\u00bb][vc_single_image image=\u00bb15485&#8243; img_size=\u00bbfull\u00bb alignment=\u00bbcenter\u00bb qode_css_animation=\u00bb\u00bb][\/qode_elements_holder_item][\/qode_elements_holder][\/vc_column][\/vc_row][vc_row css_animation=\u00bb\u00bb row_type=\u00bbrow\u00bb use_row_as_full_screen_section=\u00bbno\u00bb type=\u00bbfull_width\u00bb angled_section=\u00bbno\u00bb text_align=\u00bbleft\u00bb background_image_as_pattern=\u00bbwithout_pattern\u00bb kswr_row_top_decor_enabled=\u00bbfalse\u00bb kswr_row_bottom_decor_enabled=\u00bbfalse\u00bb css=\u00bb.vc_custom{background-color: #ffffff !important;}\u00bb][vc_column][qode_elements_holder number_of_columns=\u00bbthree_columns\u00bb switch_to_one_column=\u00bb1000&#8243;][qode_elements_holder_item item_padding=\u00bb0px 0px 0px 0px\u00bb advanced_animations=\u00bbno\u00bb][vc_single_image image=\u00bb15427&#8243; img_size=\u00bbfull\u00bb alignment=\u00bbcenter\u00bb qode_css_animation=\u00bb\u00bb][\/qode_elements_holder_item][qode_elements_holder_item item_padding=\u00bb20px 9% 30px 9%\u00bb advanced_animations=\u00bbno\u00bb][vc_column_text]<\/p>\n<h3><span style=\"color: #31c8a2;\">EMPRESARIALES<\/span><\/h3>\n<p><span style=\"color: #31c8a2;\"><strong>Inmuebles: Construcci\u00f3n y contenidos <\/strong><\/span><\/p>\n<p>\u2022 Incendio y Peligros Aliados<\/p>\n<p>\u2022 Terremoto<\/p>\n<p>\u2022 Actos Mal Intencionados de Terceros<\/p>\n<p>[\/vc_column_text][vc_separator type=\u00bbtransparent\u00bb thickness=\u00bb1&#8243; up=\u00bb31&#8243; down=\u00bb0&#8243;][\/qode_elements_holder_item][qode_elements_holder_item item_padding=\u00bb20px 9% 30px 9%\u00bb advanced_animations=\u00bbno\u00bb][vc_column_text]<\/p>\n<p><span style=\"color: #31c8a2;\"><strong> Equipos : Electr\u00f3nico y maquinaria<\/strong><\/span><\/p>\n<p>\u2022 Da\u00f1o interno<\/p>\n<p>\u2022 Sustracci\u00f3n<\/p>\n<p><span style=\"color: #31c8a2;\"><strong><span style=\"color: #31c8a2;\">Mercanc\u00eda<\/span> : Transporte<\/strong><\/span><\/p>\n<p>\u2022 Da\u00f1o<\/p>\n<p>\u2022 P\u00e9rdida<\/p>\n<p>\u2022 Hurto<\/p>\n<p>[\/vc_column_text][\/qode_elements_holder_item][\/qode_elements_holder][\/vc_column][\/vc_row][vc_row css_animation=\u00bb\u00bb row_type=\u00bbrow\u00bb use_row_as_full_screen_section=\u00bbno\u00bb type=\u00bbfull_width\u00bb angled_section=\u00bbno\u00bb text_align=\u00bbleft\u00bb background_image_as_pattern=\u00bbwithout_pattern\u00bb kswr_row_top_decor_enabled=\u00bbfalse\u00bb kswr_row_bottom_decor_enabled=\u00bbfalse\u00bb][vc_column][qode_elements_holder number_of_columns=\u00bbthree_columns\u00bb switch_to_one_column=\u00bb1000&#8243;][qode_elements_holder_item item_padding=\u00bb20px 9% 30px 9%\u00bb advanced_animations=\u00bbno\u00bb][vc_column_text]<\/p>\n<h3><span style=\"color: #31c8a2;\">PATRIMONIO<\/span><\/h3>\n<p>Cubre a la empresa frente a los riesgos del incumplimiento de los contratos por parte de sus proveedores y le brinda un respaldo frente a entidades p\u00fablicas o privadas en los temas de contrataci\u00f3n.[\/vc_column_text][vc_separator type=\u00bbtransparent\u00bb thickness=\u00bb1&#8243; up=\u00bb31&#8243; down=\u00bb0&#8243;][vc_column_text]<span style=\"color: #31c8a2;\"><strong>Cumplimiento: Principales coberturas<\/strong><\/span><\/p>\n<p>\u2022 Seriedad de la Oferta. En las licitaciones p\u00fablicas, la entidad contratante solicita este amparo a todos los oferentes en caso de que una vez asignado el contrato, el contratante no lo suscriba sin existir justa causa o no se presenten las p\u00f3lizas de cumplimiento.<\/p>\n<p>\u2022 Cumplimiento de las obligaciones del contrato.<\/p>\n<p>\u2022 Manejo del anticipo.<\/p>\n<p>\u2022 Garant\u00eda de pago de salarios y prestaciones sociales.<\/p>\n<p>\u2022 Estabilidad y calidad de obra.[\/vc_column_text][vc_separator type=\u00bbtransparent\u00bb thickness=\u00bb1&#8243; up=\u00bb31&#8243; down=\u00bb0&#8243;][\/qode_elements_holder_item][qode_elements_holder_item item_padding=\u00bb20px 9% 30px 9%\u00bb advanced_animations=\u00bbno\u00bb][vc_separator type=\u00bbtransparent\u00bb thickness=\u00bb1&#8243; up=\u00bb150&#8243;][vc_column_text]<span style=\"color: #31c8a2;\"><strong>P\u00f3liza de responsabilidad civil <\/strong><\/span><\/p>\n<p>El C\u00f3digo de Comercio define el seguro de responsabilidad, como aquel contrato que impone al asegurador la obligaci\u00f3n de indemnizar los perjuicios patrimoniales que cause el asegurado a terceros, lo que significa que estas p\u00f3lizas respaldan al asegurado cuando en desarrollo de sus actividades, ocurren eventos que afecten los bienes o la integridad de una persona.[\/vc_column_text][vc_separator type=\u00bbtransparent\u00bb thickness=\u00bb1&#8243; up=\u00bb31&#8243; down=\u00bb0&#8243;][\/qode_elements_holder_item][qode_elements_holder_item item_padding=\u00bb0px 0px 0px 0px\u00bb advanced_animations=\u00bbno\u00bb][vc_single_image image=\u00bb15425&#8243; img_size=\u00bbfull\u00bb alignment=\u00bbcenter\u00bb qode_css_animation=\u00bb\u00bb][\/qode_elements_holder_item][\/qode_elements_holder][\/vc_column][\/vc_row][vc_row css_animation=\u00bb\u00bb row_type=\u00bbrow\u00bb use_row_as_full_screen_section=\u00bbno\u00bb type=\u00bbfull_width\u00bb angled_section=\u00bbno\u00bb text_align=\u00bbleft\u00bb background_image_as_pattern=\u00bbwithout_pattern\u00bb kswr_row_top_decor_enabled=\u00bbfalse\u00bb kswr_row_bottom_decor_enabled=\u00bbfalse\u00bb css=\u00bb.vc_custom{background-color: #ffffff !important;}\u00bb][vc_column][qode_elements_holder number_of_columns=\u00bbthree_columns\u00bb switch_to_one_column=\u00bb1000&#8243;][qode_elements_holder_item item_padding=\u00bb0px 0px 0px 0px\u00bb advanced_animations=\u00bbno\u00bb][vc_single_image image=\u00bb15424&#8243; img_size=\u00bbfull\u00bb alignment=\u00bbcenter\u00bb qode_css_animation=\u00bb\u00bb][\/qode_elements_holder_item][qode_elements_holder_item item_padding=\u00bb20px 9% 30px 9%\u00bb advanced_animations=\u00bbno\u00bb][vc_column_text]<\/p>\n<h3><span style=\"color: #31c8a2;\">COPROPIEDAD<\/span><\/h3>\n<p><strong>De acuerdo con la ley 675 de 2.001, las copropiedades residenciales, comerciales o mixtas deben contar con una p\u00f3liza de Incendio y terremoto. (\u00c1reas comunes)<\/strong>[\/vc_column_text][vc_separator type=\u00bbtransparent\u00bb thickness=\u00bb1&#8243; up=\u00bb31&#8243; down=\u00bb0&#8243;][\/qode_elements_holder_item][qode_elements_holder_item item_padding=\u00bb20px 9% 30px 9%\u00bb advanced_animations=\u00bbno\u00bb][vc_column_text]Adicionalmente para dar una cobertura integral al patrimonio de los copropietarios, se incluyen otros amparos, que pueden ser:<\/p>\n<p>\u2022 Actos Mal Intencionados de Terceros.<\/p>\n<p>\u2022 Sustracci\u00f3n.<\/p>\n<p>\u2022 Da\u00f1o interno para Equipo Electr\u00f3nico y Maquinaria.<\/p>\n<p>\u2022 Responsabilidad Civil.[\/vc_column_text][vc_separator type=\u00bbtransparent\u00bb thickness=\u00bb1&#8243; up=\u00bb31&#8243; down=\u00bb0&#8243;][\/qode_elements_holder_item][\/qode_elements_holder][\/vc_column][\/vc_row][vc_row css_animation=\u00bb\u00bb row_type=\u00bbrow\u00bb use_row_as_full_screen_section=\u00bbno\u00bb type=\u00bbfull_width\u00bb anchor=\u00bbcontactos\u00bb angled_section=\u00bbno\u00bb text_align=\u00bbleft\u00bb background_image_as_pattern=\u00bbwithout_pattern\u00bb kswr_row_top_decor_enabled=\u00bbfalse\u00bb kswr_row_bottom_decor_enabled=\u00bbfalse\u00bb][vc_column]<div class='google_map_shortcode_holder' style='height:550px;'><div class='qode_google_map' style='height:550px;' id='map_canvas_16465' data-addresses='[\"Cl. 162 #20 - 91, Bogot\u00e1, Colombia\"]' data-custom-map-style='true' data-color-overlay='#393939' data-saturation='-100' data-lightness='10' data-zoom='17' data-pin='https:\/\/libertadoradeseguridad.co\/newsite\/wp-content\/uploads\/2017\/08\/pin.png' data-unique-id='16465' data-google-maps-scroll-wheel='false' data-map-height='550'><\/div><div class='google_map_shortcode_overlay'><\/div><\/div>[\/vc_column][\/vc_row][vc_row css_animation=\u00bb\u00bb row_type=\u00bbrow\u00bb use_row_as_full_screen_section=\u00bbno\u00bb type=\u00bbfull_width\u00bb angled_section=\u00bbno\u00bb text_align=\u00bbleft\u00bb background_image_as_pattern=\u00bbwithout_pattern\u00bb kswr_row_top_decor_enabled=\u00bbfalse\u00bb kswr_row_bottom_decor_enabled=\u00bbfalse\u00bb][vc_column][qode_elements_holder number_of_columns=\u00bbtwo_columns\u00bb switch_to_one_column=\u00bb1000&#8243;][qode_elements_holder_item background_color=\u00bb#16bf9f\u00bb item_padding=\u00bb20px 9% 30px 9%\u00bb advanced_animations=\u00bbno\u00bb][vc_column_text]<\/p>\n<h3><span style=\"color: #ffffff;\">PERM\u00cdTENOS DARTE M\u00c1S LIBERTAD<\/span><\/h3>\n<p>[\/vc_column_text][vc_separator type=\u00bbtransparent\u00bb thickness=\u00bb1&#8243; up=\u00bb25&#8243; down=\u00bb0&#8243;][vc_separator type=\u00bbsmall\u00bb position=\u00bbleft\u00bb up=\u00bb6&#8243; down=\u00bb15&#8243;][vc_separator type=\u00bbtransparent\u00bb thickness=\u00bb1&#8243; up=\u00bb-8&#8243;][vc_column_text]<\/p>\n<p>&nbsp;&nbsp;&nbsp;<\/p>\n<h4 style=\"color: #ffffff;\"> OFICINA BOGOT\u00c1<\/h4>\n<p>&nbsp;&nbsp;&nbsp;<\/p>\n<p><span style=\"color: #ffffff;\">Direcci\u00f3n:&nbsp; Calle 162 # 20 \u2013 91<\/span><\/p>\n<p><span style=\"color: #ffffff;\">Barrio Las Orqu\u00eddeas<\/span><\/p>\n<p><span style=\"color: #ffffff;\">Correo electr\u00f3nico: seguros@libertadora.co<\/span><\/p>\n<p><span style=\"color: #ffffff;\">PBX: +57 (601) 5338020<\/span><\/p>\n<p><span style=\"color: #ffffff;\">M\u00f3vil: <a style=\"color: #ffffff;\" href=\"https:\/\/wa.me\/573182545842\">(+57) 318 254 5842<\/a><br \/>\n<a href=\"https:\/\/wa.me\/573182545842\"><img decoding=\"async\" title=\"Contin\u00faa en nuestro chat\" src=\"https:\/\/libertadoradeseguridad.co\/newsite\/wp-content\/uploads\/2021\/11\/ICO_WhatsApp.svg\" alt=\"WhatsApp ico\" width=\"32\" height=\"32\"><\/a><\/span><\/p>\n<p><span style=\"font-size: inherit;\">[\/vc_column_text][vc_separator type=\u00bbtransparent\u00bb thickness=\u00bb1&#8243; up=\u00bb31&#8243; down=\u00bb0&#8243;][\/qode_elements_holder_item][qode_elements_holder_item background_color=\u00bb#AEB6BF\u00bb item_padding=\u00bb100px 10% 100px 10%\u00bb advanced_animations=\u00bbno\u00bb]<\/span><\/p>\n<h3><span style=\"color: #000000;\">FORMULARIO DE CONTACTO<\/span><\/h3>\n\n<div class=\"wpcf7 no-js\" id=\"wpcf7-f15558-o1\" lang=\"en-US\" dir=\"ltr\" data-wpcf7-id=\"15558\">\n<div class=\"screen-reader-response\"><p role=\"status\" aria-live=\"polite\" aria-atomic=\"true\"><\/p> <ul><\/ul><\/div>\n<form action=\"\/newsite\/wp-json\/wp\/v2\/pages\/15416#wpcf7-f15558-o1\" method=\"post\" class=\"wpcf7-form init\" aria-label=\"Contact form\" novalidate=\"novalidate\" data-status=\"init\">\n<fieldset class=\"hidden-fields-container\"><input type=\"hidden\" name=\"_wpcf7\" value=\"15558\" \/><input type=\"hidden\" name=\"_wpcf7_version\" value=\"6.1.5\" \/><input type=\"hidden\" name=\"_wpcf7_locale\" value=\"en_US\" \/><input type=\"hidden\" name=\"_wpcf7_unit_tag\" value=\"wpcf7-f15558-o1\" \/><input type=\"hidden\" name=\"_wpcf7_container_post\" value=\"0\" \/><input type=\"hidden\" name=\"_wpcf7_posted_data_hash\" value=\"\" \/><input type=\"hidden\" name=\"_wpcf7_recaptcha_response\" value=\"\" \/>\n<\/fieldset>\n<p><label> Nombre Completo (Campo requerido)<br \/>\n<span class=\"wpcf7-form-control-wrap\" data-name=\"nombre\"><input size=\"40\" maxlength=\"400\" class=\"wpcf7-form-control wpcf7-text wpcf7-validates-as-required\" aria-required=\"true\" aria-invalid=\"false\" value=\"\" type=\"text\" name=\"nombre\" \/><\/span> <\/label>\n<\/p>\n<p><label> Tel\u00e9fono (Campo requerido)<br \/>\n<span class=\"wpcf7-form-control-wrap\" data-name=\"telefono\"><input size=\"40\" maxlength=\"400\" class=\"wpcf7-form-control wpcf7-text wpcf7-validates-as-required\" aria-required=\"true\" aria-invalid=\"false\" value=\"\" type=\"text\" name=\"telefono\" \/><\/span><\/label>\n<\/p>\n<p><label> Email (Campo requerido)<br \/>\n<span class=\"wpcf7-form-control-wrap\" data-name=\"email\"><input size=\"40\" maxlength=\"400\" class=\"wpcf7-form-control wpcf7-email wpcf7-validates-as-required wpcf7-text wpcf7-validates-as-email\" aria-required=\"true\" aria-invalid=\"false\" value=\"\" type=\"email\" name=\"email\" \/><\/span> <\/label>\n<\/p>\n<p><label> Empresa (Campo opcional)<br \/>\n<span class=\"wpcf7-form-control-wrap\" data-name=\"empresa\"><input size=\"40\" maxlength=\"400\" class=\"wpcf7-form-control wpcf7-text\" aria-invalid=\"false\" value=\"\" type=\"text\" name=\"empresa\" \/><\/span> <\/label>\n<\/p>\n<p><label> Cu\u00e9ntanos m\u00e1s acerca de tu requerimiento<br \/>\n<span class=\"wpcf7-form-control-wrap\" data-name=\"mensaje\"><textarea cols=\"40\" rows=\"10\" maxlength=\"2000\" class=\"wpcf7-form-control wpcf7-textarea wpcf7-validates-as-required\" aria-required=\"true\" aria-invalid=\"false\" name=\"mensaje\"><\/textarea><\/span> <\/label>\n<\/p>\n<p><span class=\"wpcf7-form-control-wrap\" data-name=\"Acepto_check\"><span class=\"wpcf7-form-control wpcf7-acceptance\"><span class=\"wpcf7-list-item\"><label><input type=\"checkbox\" name=\"Acepto_check\" value=\"1\" aria-invalid=\"false\" \/><span class=\"wpcf7-list-item-label\">Acepto que entren en contacto conmigo.<\/span><\/label><\/span><\/span><\/span>\n<\/p>\n<p><input class=\"wpcf7-form-control wpcf7-submit has-spinner\" type=\"submit\" value=\"ENVIAR\" \/>\n<\/p>\n<div class=\"wpcf7-response-output\" aria-hidden=\"true\"><\/div>\n<\/form>\n<\/div>\n\n<p>[\/qode_elements_holder_item][\/qode_elements_holder][\/vc_column][\/vc_row]<\/p>\n<\/section>","protected":false},"excerpt":{"rendered":"<p>[vc_row css_animation=\u00bb\u00bb row_type=\u00bbrow\u00bb use_row_as_full_screen_section=\u00bbno\u00bb type=\u00bbgrid\u00bb angled_section=\u00bbno\u00bb text_align=\u00bbleft\u00bb background_image_as_pattern=\u00bbwithout_pattern\u00bb css=\u00bb.vc_custom_1503978793333{background-color: #16bf9f !important;}\u00bb kswr_row_top_decor_enabled=\u00bbfalse\u00bb kswr_row_bottom_decor_enabled=\u00bbfalse\u00bb][vc_column css=\u00bb.vc_custom_1503978800596{background-color: #16bf9f !important;}\u00bb][qode_elements_holder number_of_columns=\u00bbtwo_columns\u00bb switch_to_one_column=\u00bb1000&#8243;][qode_elements_holder_item item_padding=\u00bb0px 0px 0px 0px\u00bb advanced_animations=\u00bbno\u00bb][vc_single_image image=\u00bb15372&#8243; img_size=\u00bbfull\u00bb alignment=\u00bbcenter\u00bb qode_css_animation=\u00bb\u00bb][\/qode_elements_holder_item][qode_elements_holder_item item_padding=\u00bb20px 9% 30px 9%\u00bb advanced_animations=\u00bbno\u00bb][vc_column_text] Seguro en todo momento [\/vc_column_text][vc_separator type=\u00bbtransparent\u00bb thickness=\u00bb1&#8243; up=\u00bb25&#8243; down=\u00bb0&#8243;][vc_separator type=\u00bbsmall\u00bb position=\u00bbleft\u00bb color=\u00bb#ffffff\u00bb up=\u00bb6&#8243;&#8230;<\/p>\n","protected":false},"author":2,"featured_media":0,"parent":0,"menu_order":0,"comment_status":"closed","ping_status":"closed","template":"full_width.php","meta":{"footnotes":""},"class_list":["post-15416","page","type-page","status-publish","hentry"],"_links":{"self":[{"href":"https:\/\/libertadoradeseguridad.co\/newsite\/wp-json\/wp\/v2\/pages\/15416","targetHints":{"allow":["GET"]}}],"collection":[{"href":"https:\/\/libertadoradeseguridad.co\/newsite\/wp-json\/wp\/v2\/pages"}],"about":[{"href":"https:\/\/libertadoradeseguridad.co\/newsite\/wp-json\/wp\/v2\/types\/page"}],"author":[{"embeddable":true,"href":"https:\/\/libertadoradeseguridad.co\/newsite\/wp-json\/wp\/v2\/users\/2"}],"replies":[{"embeddable":true,"href":"https:\/\/libertadoradeseguridad.co\/newsite\/wp-json\/wp\/v2\/comments?post=15416"}],"version-history":[{"count":114,"href":"https:\/\/libertadoradeseguridad.co\/newsite\/wp-json\/wp\/v2\/pages\/15416\/revisions"}],"predecessor-version":[{"id":16810,"href":"https:\/\/libertadoradeseguridad.co\/newsite\/wp-json\/wp\/v2\/pages\/15416\/revisions\/16810"}],"wp:attachment":[{"href":"https:\/\/libertadoradeseguridad.co\/newsite\/wp-json\/wp\/v2\/media?parent=15416"}],"curies":[{"name":"wp","href":"https:\/\/api.w.org\/{rel}","templated":true}]}}