{"id":15396,"date":"2017-08-29T01:59:52","date_gmt":"2017-08-29T06:59:52","guid":{"rendered":"http:\/\/libertadoradeseguridad.co\/newsite\/?page_id=15396"},"modified":"2023-02-21T09:27:29","modified_gmt":"2023-02-21T14:27:29","slug":"seguridad","status":"publish","type":"page","link":"https:\/\/libertadoradeseguridad.co\/newsite\/seguridad\/","title":{"rendered":"Seguridad"},"content":{"rendered":"<section class=\"wpb-content-wrapper\"><p>[vc_row css_animation=\u00bb\u00bb row_type=\u00bbrow\u00bb use_row_as_full_screen_section=\u00bbno\u00bb type=\u00bbgrid\u00bb angled_section=\u00bbno\u00bb text_align=\u00bbleft\u00bb background_image_as_pattern=\u00bbwithout_pattern\u00bb css=\u00bb.vc_custom_1503973441211{background-color: #26349b !important;}\u00bb kswr_row_top_decor_enabled=\u00bbfalse\u00bb kswr_row_bottom_decor_enabled=\u00bbfalse\u00bb][vc_column css=\u00bb.vc_custom_1503973289336{background-color: #26349b !important;}\u00bb][qode_elements_holder number_of_columns=\u00bbtwo_columns\u00bb switch_to_one_column=\u00bb1000&#8243;][qode_elements_holder_item item_padding=\u00bb0px 0px 0px 0px\u00bb advanced_animations=\u00bbno\u00bb][vc_single_image image=\u00bb15371&#8243; img_size=\u00bbfull\u00bb alignment=\u00bbcenter\u00bb qode_css_animation=\u00bb\u00bb][\/qode_elements_holder_item][qode_elements_holder_item item_padding=\u00bb20px 9% 30px 9%\u00bb advanced_animations=\u00bbno\u00bb][vc_column_text]<\/p>\n<h3><span style=\"color: #ffffff;\">Protegido en todo Momento<\/span><\/h3>\n<p>[\/vc_column_text][vc_separator type=\u00bbtransparent\u00bb thickness=\u00bb1&#8243; up=\u00bb25&#8243; down=\u00bb0&#8243;][vc_separator type=\u00bbsmall\u00bb position=\u00bbleft\u00bb up=\u00bb6&#8243; down=\u00bb15&#8243;][vc_separator type=\u00bbtransparent\u00bb thickness=\u00bb1&#8243; up=\u00bb-8&#8243;][vc_column_text]<span style=\"color: #ffffff;\">En libertadora hemos desarrollado ecosistemas para que pueda operar su negociocon total tranquilidad.<\/span>[\/vc_column_text][vc_separator type=\u00bbtransparent\u00bb thickness=\u00bb1&#8243; up=\u00bb31&#8243; down=\u00bb0&#8243;][\/qode_elements_holder_item][\/qode_elements_holder][\/vc_column][\/vc_row][vc_row css_animation=\u00bb\u00bb row_type=\u00bbrow\u00bb use_row_as_full_screen_section=\u00bbno\u00bb type=\u00bbfull_width\u00bb angled_section=\u00bbno\u00bb text_align=\u00bbleft\u00bb background_image_as_pattern=\u00bbwithout_pattern\u00bb kswr_row_top_decor_enabled=\u00bbfalse\u00bb kswr_row_bottom_decor_enabled=\u00bbfalse\u00bb css=\u00bb.vc_custom_1507290389368{background-color: #ffffff !important;}\u00bb][vc_column][qode_elements_holder number_of_columns=\u00bbtwo_columns\u00bb switch_to_one_column=\u00bb1000&#8243;][qode_elements_holder_item item_padding=\u00bb20px 9% 30px 9%\u00bb advanced_animations=\u00bbno\u00bb][vc_column_text]<\/p>\n<h3>ECOSISTEMA DE SEGURIDAD<\/h3>\n<p>[\/vc_column_text][vc_separator type=\u00bbtransparent\u00bb thickness=\u00bb1&#8243; up=\u00bb25&#8243; down=\u00bb0&#8243;][vc_separator type=\u00bbsmall\u00bb position=\u00bbleft\u00bb up=\u00bb6&#8243; down=\u00bb15&#8243;][vc_separator type=\u00bbtransparent\u00bb thickness=\u00bb1&#8243; up=\u00bb-8&#8243;][vc_column_text]<\/p>\n<p>En Libertadora analizamos el entorno de nuestros clientes, identificando sus riesgos, necesidades y oportunidades, para desarrollar, estructurar y dise\u00f1ar un mejor ambiente de seguridad.<\/p>\n<p>[\/vc_column_text][vc_separator type=\u00bbtransparent\u00bb thickness=\u00bb1&#8243; up=\u00bb31&#8243; down=\u00bb0&#8243;][\/qode_elements_holder_item][qode_elements_holder_item advanced_animations=\u00bbno\u00bb][vc_single_image image=\u00bb15538&#8243; img_size=\u00bbfull\u00bb onclick=\u00bblink_image\u00bb qode_css_animation=\u00bb\u00bb][\/qode_elements_holder_item][\/qode_elements_holder][\/vc_column][\/vc_row][vc_row css_animation=\u00bb\u00bb row_type=\u00bbrow\u00bb use_row_as_full_screen_section=\u00bbno\u00bb type=\u00bbfull_width\u00bb angled_section=\u00bbno\u00bb text_align=\u00bbleft\u00bb background_image_as_pattern=\u00bbwithout_pattern\u00bb kswr_row_top_decor_enabled=\u00bbfalse\u00bb kswr_row_bottom_decor_enabled=\u00bbfalse\u00bb css=\u00bb.vc_custom_1507290389368{background-color: #ffffff !important;}\u00bb][vc_column][qode_elements_holder number_of_columns=\u00bbone_column\u00bb switch_to_one_column=\u00bb1000&#8243;][qode_elements_holder_item item_padding=\u00bb20px 9% 30px 9%\u00bb advanced_animations=\u00bbno\u00bb][vc_separator type=\u00bbtransparent\u00bb thickness=\u00bb1&#8243; up=\u00bb25&#8243; down=\u00bb0&#8243;][vc_separator type=\u00bbtransparent\u00bb thickness=\u00bb1&#8243; up=\u00bb-8&#8243;][vc_column_text]<\/p>\n<p style=\"text-align: center;\">Ofrecemos apoyo personalizado las 24 horas del d\u00eda, a trav\u00e9s de nuestra central de operaciones, con alianza estrat\u00e9gica de la red de apoyo de la Polic\u00eda Nacional y la red empresarial DIJIN e INTERPOL.<\/p>\n<p>[\/vc_column_text][vc_separator type=\u00bbtransparent\u00bb thickness=\u00bb1&#8243; up=\u00bb31&#8243; down=\u00bb0&#8243;][\/qode_elements_holder_item][\/qode_elements_holder][\/vc_column][\/vc_row][vc_row css_animation=\u00bb\u00bb row_type=\u00bbrow\u00bb use_row_as_full_screen_section=\u00bbno\u00bb type=\u00bbfull_width\u00bb angled_section=\u00bbno\u00bb text_align=\u00bbleft\u00bb background_image_as_pattern=\u00bbwithout_pattern\u00bb css=\u00bb.vc_custom_1507298418245{padding-top: 30px !important;padding-bottom: 80px !important;background-color: #ffffff !important;}\u00bb kswr_row_top_decor_enabled=\u00bbfalse\u00bb kswr_row_bottom_decor_enabled=\u00bbfalse\u00bb][vc_row css_animation=\u00bb\u00bb row_type=\u00bbrow\u00bb use_row_as_full_screen_section=\u00bbno\u00bb type=\u00bbfull_width\u00bb angled_section=\u00bbno\u00bb text_align=\u00bbleft\u00bb background_image_as_pattern=\u00bbwithout_pattern\u00bb kswr_row_top_decor_enabled=\u00bbfalse\u00bb kswr_row_bottom_decor_enabled=\u00bbfalse\u00bb][\/vc_row][vc_column][qode_elements_holder number_of_columns=\u00bbtwo_columns\u00bb switch_to_one_column=\u00bb1000&#8243;][qode_elements_holder_item item_padding=\u00bb20px 9% 30px 9%\u00bb advanced_animations=\u00bbno\u00bb][vc_column_text]<\/p>\n<h3>VIGILANCIA FIJA Y M\u00d3VIL<\/h3>\n<p>[\/vc_column_text][vc_separator type=\u00bbtransparent\u00bb thickness=\u00bb1&#8243; up=\u00bb25&#8243; down=\u00bb0&#8243;][vc_separator type=\u00bbsmall\u00bb position=\u00bbleft\u00bb up=\u00bb6&#8243; down=\u00bb15&#8243;][vc_separator type=\u00bbtransparent\u00bb thickness=\u00bb1&#8243; up=\u00bb-8&#8243;][vc_column_text]<\/p>\n<p class=\"p1\"><span class=\"s1\">Contamos con personal especializado y capacitado para las diversas formas de vigilancia en instalaciones industriales, comerciales, financieras, educativas, hospitalarias, portuarias y aeroportuarias, transporte masivo, entidades comerciales, grandes superficies, infraestructuras cr\u00edticas, mineras, petroleras, tur\u00edsticas y residenciales.\u00a0<\/span><\/p>\n<p>[\/vc_column_text][vc_separator type=\u00bbtransparent\u00bb thickness=\u00bb1&#8243; up=\u00bb31&#8243; down=\u00bb0&#8243;][\/qode_elements_holder_item][qode_elements_holder_item item_padding=\u00bb0px 0px 0px 0px\u00bb advanced_animations=\u00bbno\u00bb][vc_single_image image=\u00bb15475&#8243; img_size=\u00bbfull\u00bb alignment=\u00bbcenter\u00bb qode_css_animation=\u00bb\u00bb][\/qode_elements_holder_item][\/qode_elements_holder][\/vc_column][\/vc_row][vc_row css_animation=\u00bb\u00bb row_type=\u00bbrow\u00bb use_row_as_full_screen_section=\u00bbno\u00bb type=\u00bbfull_width\u00bb angled_section=\u00bbno\u00bb text_align=\u00bbleft\u00bb background_image_as_pattern=\u00bbwithout_pattern\u00bb kswr_row_top_decor_enabled=\u00bbfalse\u00bb kswr_row_bottom_decor_enabled=\u00bbfalse\u00bb][vc_column][qode_elements_holder number_of_columns=\u00bbtwo_columns\u00bb switch_to_one_column=\u00bb1000&#8243;][qode_elements_holder_item item_padding=\u00bb0px 0px 0px 0px\u00bb advanced_animations=\u00bbno\u00bb][vc_single_image image=\u00bb15402&#8243; img_size=\u00bbfull\u00bb alignment=\u00bbcenter\u00bb qode_css_animation=\u00bb\u00bb][\/qode_elements_holder_item][qode_elements_holder_item item_padding=\u00bb20px 9% 30px 9%\u00bb advanced_animations=\u00bbno\u00bb][vc_column_text]<\/p>\n<h3>SERVICIO DE ESCOLTA<\/h3>\n<p>[\/vc_column_text][vc_separator type=\u00bbtransparent\u00bb thickness=\u00bb1&#8243; up=\u00bb25&#8243; down=\u00bb0&#8243;][vc_separator type=\u00bbsmall\u00bb position=\u00bbleft\u00bb up=\u00bb6&#8243; down=\u00bb15&#8243;][vc_separator type=\u00bbtransparent\u00bb thickness=\u00bb1&#8243; up=\u00bb-8&#8243;][vc_column_text]Nuestros escoltas est\u00e1n capacitados para afrontar situaciones cr\u00edticas y de riesgo, gracias a su formaci\u00f3n profesional para el manejo de situaciones preventivas y\/o de reacci\u00f3n. Estamos especializados en la prestaci\u00f3n de servicios de escoltas en la modalidad de personas, veh\u00edculos y mercanc\u00edas; lo que nos permite ofrecer de manera oportuna y efectiva un servicio integral a nuestros clientes.[\/vc_column_text][vc_separator type=\u00bbtransparent\u00bb thickness=\u00bb1&#8243; up=\u00bb31&#8243; down=\u00bb0&#8243;][\/qode_elements_holder_item][\/qode_elements_holder][\/vc_column][\/vc_row][vc_row css_animation=\u00bb\u00bb row_type=\u00bbrow\u00bb use_row_as_full_screen_section=\u00bbno\u00bb type=\u00bbfull_width\u00bb angled_section=\u00bbno\u00bb text_align=\u00bbleft\u00bb background_image_as_pattern=\u00bbwithout_pattern\u00bb kswr_row_top_decor_enabled=\u00bbfalse\u00bb kswr_row_bottom_decor_enabled=\u00bbfalse\u00bb][vc_column][qode_elements_holder number_of_columns=\u00bbtwo_columns\u00bb switch_to_one_column=\u00bb1000&#8243;][qode_elements_holder_item item_padding=\u00bb20px 9% 30px 9%\u00bb advanced_animations=\u00bbno\u00bb][vc_column_text]<\/p>\n<h3>SERVICIOS CONEXOS<\/h3>\n<p>[\/vc_column_text][vc_separator type=\u00bbtransparent\u00bb thickness=\u00bb1&#8243; up=\u00bb25&#8243; down=\u00bb0&#8243;][vc_separator type=\u00bbsmall\u00bb position=\u00bbleft\u00bb up=\u00bb6&#8243; down=\u00bb15&#8243;][vc_separator type=\u00bbtransparent\u00bb thickness=\u00bb1&#8243; up=\u00bb-8&#8243;][vc_column_text]<\/p>\n<p style=\"text-align: justify;\">Libertadora de Seguridad, ofrece los servicios de consultor\u00eda, asesor\u00eda e investigaci\u00f3n en seguridad privada, orientado al fortalecimiento empresarial en la toma de decisiones estrat\u00e9gicas y operativas:<\/p>\n<p>&nbsp;<\/p>\n<p style=\"text-align: justify;\">\u2022 Estudios de seguridad privada.<\/p>\n<p>[\/vc_column_text][vc_separator type=\u00bbtransparent\u00bb thickness=\u00bb1&#8243; up=\u00bb31&#8243; down=\u00bb0&#8243;][\/qode_elements_holder_item][qode_elements_holder_item item_padding=\u00bb0px 0px 0px 0px\u00bb advanced_animations=\u00bbno\u00bb][vc_single_image image=\u00bb15481&#8243; img_size=\u00bbfull\u00bb alignment=\u00bbcenter\u00bb qode_css_animation=\u00bb\u00bb][\/qode_elements_holder_item][\/qode_elements_holder][\/vc_column][\/vc_row][vc_row css_animation=\u00bb\u00bb row_type=\u00bbrow\u00bb use_row_as_full_screen_section=\u00bbno\u00bb type=\u00bbfull_width\u00bb angled_section=\u00bbno\u00bb text_align=\u00bbleft\u00bb background_image_as_pattern=\u00bbwithout_pattern\u00bb kswr_row_top_decor_enabled=\u00bbfalse\u00bb kswr_row_bottom_decor_enabled=\u00bbfalse\u00bb][vc_column][qode_elements_holder number_of_columns=\u00bbtwo_columns\u00bb switch_to_one_column=\u00bb1000&#8243;][qode_elements_holder_item item_padding=\u00bb0px 0px 0px 0px\u00bb advanced_animations=\u00bbno\u00bb][vc_single_image image=\u00bb15411&#8243; img_size=\u00bbfull\u00bb alignment=\u00bbcenter\u00bb qode_css_animation=\u00bb\u00bb][\/qode_elements_holder_item][qode_elements_holder_item item_padding=\u00bb20px 9% 30px 9%\u00bb advanced_animations=\u00bbno\u00bb][vc_column_text]<\/p>\n<h3>SISTEMAS DE MONITOREO<\/h3>\n<p>[\/vc_column_text][vc_separator type=\u00bbtransparent\u00bb thickness=\u00bb1&#8243; up=\u00bb25&#8243; down=\u00bb0&#8243;][vc_separator type=\u00bbsmall\u00bb position=\u00bbleft\u00bb up=\u00bb6&#8243; down=\u00bb15&#8243;][vc_separator type=\u00bbtransparent\u00bb thickness=\u00bb1&#8243; up=\u00bb-8&#8243;][vc_column_text]Desde los sistemas de nuestra central de monitoreo, disponible las 24 horas todos los d\u00edas del a\u00f1o, supervisamos y gestionamos remotamente y en tiempo real los diferentes dispositivos electr\u00f3nicos de seguridad, ya sean fijos y\/o m\u00f3viles. Esto permite a nuestros clientes el acceso controlado a la informaci\u00f3n pertinente y autorizada en cualquier momento a trav\u00e9s de la web.[\/vc_column_text][vc_separator type=\u00bbtransparent\u00bb thickness=\u00bb1&#8243; up=\u00bb31&#8243; down=\u00bb0&#8243;][\/qode_elements_holder_item][\/qode_elements_holder][\/vc_column][\/vc_row][vc_row css_animation=\u00bb\u00bb row_type=\u00bbrow\u00bb use_row_as_full_screen_section=\u00bbno\u00bb type=\u00bbfull_width\u00bb anchor=\u00bbcontactos\u00bb angled_section=\u00bbno\u00bb text_align=\u00bbleft\u00bb background_image_as_pattern=\u00bbwithout_pattern\u00bb kswr_row_top_decor_enabled=\u00bbfalse\u00bb kswr_row_bottom_decor_enabled=\u00bbfalse\u00bb][vc_column]<div class='google_map_shortcode_holder' style='height:550px;'><div class='qode_google_map' style='height:550px;' id='map_canvas_46829' data-addresses='[\"Cl. 162 #20 - 91, Bogot\u00e1, Colombia\"]' data-custom-map-style='true' data-color-overlay='#393939' data-saturation='-100' data-lightness='10' data-zoom='17' data-pin='https:\/\/libertadoradeseguridad.co\/newsite\/wp-content\/uploads\/2017\/08\/pin.png' data-unique-id='46829' data-google-maps-scroll-wheel='false' data-map-height='550'><\/div><div class='google_map_shortcode_overlay'><\/div><\/div>[\/vc_column][\/vc_row][vc_row css_animation=\u00bb\u00bb row_type=\u00bbrow\u00bb use_row_as_full_screen_section=\u00bbno\u00bb type=\u00bbfull_width\u00bb angled_section=\u00bbno\u00bb text_align=\u00bbleft\u00bb background_image_as_pattern=\u00bbwithout_pattern\u00bb kswr_row_top_decor_enabled=\u00bbfalse\u00bb kswr_row_bottom_decor_enabled=\u00bbfalse\u00bb][vc_column][qode_elements_holder number_of_columns=\u00bbtwo_columns\u00bb switch_to_one_column=\u00bb1000&#8243;][qode_elements_holder_item background_color=\u00bb#26349b\u00bb item_padding=\u00bb20px 9% 30px 9%\u00bb advanced_animations=\u00bbno\u00bb][vc_column_text]<\/p>\n<h3><span style=\"color: #ffffff;\">PERM\u00cdTENOS DARTE M\u00c1S LIBERTAD<\/span><\/h3>\n<p>[\/vc_column_text][vc_separator type=\u00bbtransparent\u00bb thickness=\u00bb1&#8243; up=\u00bb25&#8243; down=\u00bb0&#8243;][vc_separator type=\u00bbsmall\u00bb position=\u00bbleft\u00bb up=\u00bb6&#8243; down=\u00bb15&#8243;][vc_separator type=\u00bbtransparent\u00bb thickness=\u00bb1&#8243; up=\u00bb-8&#8243;][vc_column_text]<\/p>\n<p>&nbsp;<\/p>\n<h4 style=\"color: #ffffff;\">OFICINA BOGOT\u00c1<\/h4>\n<p>&nbsp;<\/p>\n<p><span style=\"color: #ffffff;\">Direcci\u00f3n:\u00a0 Calle 162 # 20 \u2013 91<\/span><\/p>\n<p><span style=\"color: #ffffff;\">Barrio Las Orqu\u00eddeas<\/span><\/p>\n<p><span style=\"color: #ffffff;\">Correo electr\u00f3nico: contacto@libertadora.co<\/span><\/p>\n<p><span style=\"color: #ffffff;\">PBX: +57 (601) 5338020<\/span><\/p>\n<p><span style=\"color: #ffffff;\">M\u00f3vil: <a style=\"color: #ffffff;\" href=\"https:\/\/wa.me\/573213315644\">(+57) 321 331 5644<\/a><br \/>\n<a href=\"https:\/\/wa.me\/573213315644\"><img decoding=\"async\" title=\"Contin\u00faa en nuestro chat\" src=\"https:\/\/libertadoradeseguridad.co\/newsite\/wp-content\/uploads\/2021\/11\/ICO_WhatsApp.svg\" alt=\"WhatsApp ico\" width=\"32\" height=\"32\" \/><\/a><\/span><\/p>\n<p><span style=\"font-size: inherit;\">[\/vc_column_text][vc_separator type=\u00bbtransparent\u00bb thickness=\u00bb1&#8243; up=\u00bb31&#8243; down=\u00bb0&#8243;][\/qode_elements_holder_item][qode_elements_holder_item background_color=\u00bb#AEB6BF\u00bb item_padding=\u00bb100px 10% 100px 10%\u00bb advanced_animations=\u00bbno\u00bb]<\/span><\/p>\n<h3><span style=\"color: #000000;\">FORMULARIO DE CONTACTO<\/span><\/h3>\n<p>&nbsp;<\/p>\n\n<div class=\"wpcf7 no-js\" id=\"wpcf7-f7-o1\" lang=\"en-US\" dir=\"ltr\" data-wpcf7-id=\"7\">\n<div class=\"screen-reader-response\"><p role=\"status\" aria-live=\"polite\" aria-atomic=\"true\"><\/p> <ul><\/ul><\/div>\n<form action=\"\/newsite\/wp-json\/wp\/v2\/pages\/15396#wpcf7-f7-o1\" method=\"post\" class=\"wpcf7-form init\" aria-label=\"Contact form\" novalidate=\"novalidate\" data-status=\"init\">\n<fieldset class=\"hidden-fields-container\"><input type=\"hidden\" name=\"_wpcf7\" value=\"7\" \/><input type=\"hidden\" name=\"_wpcf7_version\" value=\"6.1.5\" \/><input type=\"hidden\" name=\"_wpcf7_locale\" value=\"en_US\" \/><input type=\"hidden\" name=\"_wpcf7_unit_tag\" value=\"wpcf7-f7-o1\" \/><input type=\"hidden\" name=\"_wpcf7_container_post\" value=\"0\" \/><input type=\"hidden\" name=\"_wpcf7_posted_data_hash\" value=\"\" \/><input type=\"hidden\" name=\"_wpcf7_recaptcha_response\" value=\"\" \/>\n<\/fieldset>\n<p><label> Nombre Completo (Campo requerido)<br \/>\n<span class=\"wpcf7-form-control-wrap\" data-name=\"nombre\"><input size=\"40\" maxlength=\"400\" class=\"wpcf7-form-control wpcf7-text wpcf7-validates-as-required\" aria-required=\"true\" aria-invalid=\"false\" value=\"\" type=\"text\" name=\"nombre\" \/><\/span> <\/label>\n<\/p>\n<p><label> Tel\u00e9fono (Campo requerido)<br \/>\n<span class=\"wpcf7-form-control-wrap\" data-name=\"telefono\"><input size=\"40\" maxlength=\"400\" class=\"wpcf7-form-control wpcf7-text wpcf7-validates-as-required\" aria-required=\"true\" aria-invalid=\"false\" value=\"\" type=\"text\" name=\"telefono\" \/><\/span><\/label>\n<\/p>\n<p><label> Email (Campo requerido)<br \/>\n<span class=\"wpcf7-form-control-wrap\" data-name=\"email\"><input size=\"40\" maxlength=\"400\" class=\"wpcf7-form-control wpcf7-email wpcf7-validates-as-required wpcf7-text wpcf7-validates-as-email\" aria-required=\"true\" aria-invalid=\"false\" value=\"\" type=\"email\" name=\"email\" \/><\/span> <\/label>\n<\/p>\n<p><label> Empresa (Campo opcional)<br \/>\n<span class=\"wpcf7-form-control-wrap\" data-name=\"empresa\"><input size=\"40\" maxlength=\"400\" class=\"wpcf7-form-control wpcf7-text\" aria-invalid=\"false\" value=\"\" type=\"text\" name=\"empresa\" \/><\/span> <\/label>\n<\/p>\n<p><label> Cu\u00e9ntanos m\u00e1s acerca de tu requerimiento<br \/>\n<span class=\"wpcf7-form-control-wrap\" data-name=\"mensaje\"><textarea cols=\"40\" rows=\"10\" maxlength=\"2000\" class=\"wpcf7-form-control wpcf7-textarea wpcf7-validates-as-required\" aria-required=\"true\" aria-invalid=\"false\" name=\"mensaje\"><\/textarea><\/span> <\/label>\n<\/p>\n<p><span class=\"wpcf7-form-control-wrap\" data-name=\"Acepto_check\"><span class=\"wpcf7-form-control wpcf7-acceptance\"><span class=\"wpcf7-list-item\"><label><input type=\"checkbox\" name=\"Acepto_check\" value=\"1\" aria-invalid=\"false\" \/><span class=\"wpcf7-list-item-label\">Acepto que entren en contacto conmigo.<\/span><\/label><\/span><\/span><\/span>\n<\/p>\n<p><input class=\"wpcf7-form-control wpcf7-submit has-spinner\" type=\"submit\" value=\"ENVIAR\" \/>\n<\/p>\n<div class=\"wpcf7-response-output\" aria-hidden=\"true\"><\/div>\n<\/form>\n<\/div>\n\n<p>[\/qode_elements_holder_item][\/qode_elements_holder][\/vc_column][\/vc_row]<\/p>\n<\/section>","protected":false},"excerpt":{"rendered":"<p>[vc_row css_animation=\u00bb\u00bb row_type=\u00bbrow\u00bb use_row_as_full_screen_section=\u00bbno\u00bb type=\u00bbgrid\u00bb angled_section=\u00bbno\u00bb text_align=\u00bbleft\u00bb background_image_as_pattern=\u00bbwithout_pattern\u00bb css=\u00bb.vc_custom_1503973441211{background-color: #26349b !important;}\u00bb kswr_row_top_decor_enabled=\u00bbfalse\u00bb kswr_row_bottom_decor_enabled=\u00bbfalse\u00bb][vc_column css=\u00bb.vc_custom_1503973289336{background-color: #26349b !important;}\u00bb][qode_elements_holder number_of_columns=\u00bbtwo_columns\u00bb switch_to_one_column=\u00bb1000&#8243;][qode_elements_holder_item item_padding=\u00bb0px 0px 0px 0px\u00bb advanced_animations=\u00bbno\u00bb][vc_single_image image=\u00bb15371&#8243; img_size=\u00bbfull\u00bb alignment=\u00bbcenter\u00bb qode_css_animation=\u00bb\u00bb][\/qode_elements_holder_item][qode_elements_holder_item item_padding=\u00bb20px 9% 30px 9%\u00bb advanced_animations=\u00bbno\u00bb][vc_column_text] Protegido en todo Momento [\/vc_column_text][vc_separator type=\u00bbtransparent\u00bb thickness=\u00bb1&#8243; up=\u00bb25&#8243; down=\u00bb0&#8243;][vc_separator type=\u00bbsmall\u00bb position=\u00bbleft\u00bb up=\u00bb6&#8243; down=\u00bb15&#8243;][vc_separator&#8230;<\/p>\n","protected":false},"author":2,"featured_media":0,"parent":0,"menu_order":0,"comment_status":"closed","ping_status":"closed","template":"full_width.php","meta":{"footnotes":""},"class_list":["post-15396","page","type-page","status-publish","hentry"],"_links":{"self":[{"href":"https:\/\/libertadoradeseguridad.co\/newsite\/wp-json\/wp\/v2\/pages\/15396","targetHints":{"allow":["GET"]}}],"collection":[{"href":"https:\/\/libertadoradeseguridad.co\/newsite\/wp-json\/wp\/v2\/pages"}],"about":[{"href":"https:\/\/libertadoradeseguridad.co\/newsite\/wp-json\/wp\/v2\/types\/page"}],"author":[{"embeddable":true,"href":"https:\/\/libertadoradeseguridad.co\/newsite\/wp-json\/wp\/v2\/users\/2"}],"replies":[{"embeddable":true,"href":"https:\/\/libertadoradeseguridad.co\/newsite\/wp-json\/wp\/v2\/comments?post=15396"}],"version-history":[{"count":71,"href":"https:\/\/libertadoradeseguridad.co\/newsite\/wp-json\/wp\/v2\/pages\/15396\/revisions"}],"predecessor-version":[{"id":18049,"href":"https:\/\/libertadoradeseguridad.co\/newsite\/wp-json\/wp\/v2\/pages\/15396\/revisions\/18049"}],"wp:attachment":[{"href":"https:\/\/libertadoradeseguridad.co\/newsite\/wp-json\/wp\/v2\/media?parent=15396"}],"curies":[{"name":"wp","href":"https:\/\/api.w.org\/{rel}","templated":true}]}}